{"id":2053,"date":"2019-07-23T17:43:58","date_gmt":"2019-07-23T09:43:58","guid":{"rendered":"https:\/\/taizyfoodmachines.com\/?page_id=2053"},"modified":"2026-01-04T17:46:45","modified_gmt":"2026-01-04T09:46:45","slug":"about-us","status":"publish","type":"page","link":"https:\/\/taizyfoodmachines.com\/de\/about-us\/","title":{"rendered":"\u00dcber Uns"},"content":{"rendered":"<p>Zhengzhou Taizy Machinery Equipment Co. Ltd. wurde 2011 gegr\u00fcndet. Es ist eine gro\u00df angelegte Industriegruppe, die sich auf Forschung, Entwicklung, Produktion und Verkauf von Maschinen spezialisiert hat. Der Hauptsitz und die F&amp;E-Basis befinden sich im malerischen Wirtschafts-Entwicklungszone der Stadt Zhengzhou, Provinz Henan. Seit seiner Gr\u00fcndung ist das Unternehmen stets der \u00dcberzeugung, dass Wissenschaft und Technologie die erste Produktivkraft sind. Unter der Leitung dieses Konzepts haben wir eine gro\u00dfe Anzahl erfahrener und technischer Maschinenexperten als Produktionsberater eingestellt. Kontinuierliches Lernen in der Technologie, kontinuierliche Innovation, um Kunden erstklassige Maschinenqualit\u00e4t zu bieten.<\/p>    <figure class=\"wp-block-image alignnone size-full wp-image-8916\"><img loading=\"lazy\" decoding=\"async\" width=\"1200\" height=\"521\" src=\"https:\/\/taizyfoodmachines.com\/wp-content\/uploads\/2021\/12\/Taizy-Machinery.jpg\" alt=\"Taizy Machinery\" class=\"wp-image-8916\" title=\"\" srcset=\"https:\/\/taizyfoodmachines.com\/wp-content\/uploads\/2021\/12\/Taizy-Machinery.jpg 1200w, https:\/\/taizyfoodmachines.com\/wp-content\/uploads\/2021\/12\/Taizy-Machinery-768x333.jpg 768w, https:\/\/taizyfoodmachines.com\/wp-content\/uploads\/2021\/12\/Taizy-Machinery-990x430.jpg 990w\" sizes=\"auto, (max-width: 1200px) 100vw, 1200px\" \/><figcaption class=\"wp-element-caption\">Taizy Machinery<\/figcaption><\/figure>    <p>Dar\u00fcber hinaus bietet das Unternehmen nicht nur hochwertige Produkte, sondern auch erstklassigen Service sowie effektive Unterst\u00fctzung und L\u00f6sungen. Mit langj\u00e4hriger Erfahrung in der Herstellung und im Verkauf in der Maschinenindustrie hat Taizy sich einen guten Ruf erworben, basierend auf dem Servicekonzept \u201eQualit\u00e4t zuerst, Service an erster Stelle\u201c und hochwertigen Produkten. Es ist eine anerkannte Marke in der Maschinenbranche und wurde daher mit dem Titel \u201eVertragstreues und kreditw\u00fcrdiges Unternehmen\u201c sowie \u201eFortschrittliches Unternehmen f\u00fcr sichere Produktion\u201c ausgezeichnet. Derzeit werden unsere Produkte in viele L\u00e4nder und Regionen exportiert, wie die Vereinigten Staaten, Australien, Brasilien, Kuba, Kolumbien, Chile, Mexiko, Venezuela, Peru, die Philippinen, Kasachstan, Russland, Saudi-Arabien, Israel, Ghana, Sudan, Singapur, Nigeria, S\u00fcdafrika, Sri Lanka, die T\u00fcrkei und mehr als 100 L\u00e4nder und Regionen weltweit.<\/p>    <figure class=\"wp-block-image alignnone wp-image-2998\"><img loading=\"lazy\" decoding=\"async\" width=\"1200\" height=\"218\" src=\"https:\/\/taizyfoodmachines.com\/wp-content\/uploads\/2019\/09\/our-factory-and-stock.jpg\" alt=\"our factory and stock\" class=\"wp-image-2998\" title=\"\" srcset=\"https:\/\/taizyfoodmachines.com\/wp-content\/uploads\/2019\/09\/our-factory-and-stock.jpg 1200w, https:\/\/taizyfoodmachines.com\/wp-content\/uploads\/2019\/09\/our-factory-and-stock-300x55.jpg 300w, https:\/\/taizyfoodmachines.com\/wp-content\/uploads\/2019\/09\/our-factory-and-stock-768x140.jpg 768w, https:\/\/taizyfoodmachines.com\/wp-content\/uploads\/2019\/09\/our-factory-and-stock-1024x186.jpg 1024w, https:\/\/taizyfoodmachines.com\/wp-content\/uploads\/2019\/09\/our-factory-and-stock-990x180.jpg 990w\" sizes=\"auto, (max-width: 1200px) 100vw, 1200px\" \/><figcaption class=\"wp-element-caption\">Unsere Fabrik und Lager<\/figcaption><\/figure>    <h2 class=\"wp-block-heading\"><strong><b>Unternehmenskultur<\/b><\/strong><\/h2>    <p>Mission: Die weltweit verkauften Waren, lassen Sie chinesische Maschinen auf der ganzen Welt verbreiten \/ weltbekannt.<\/p>    <p>Vision: Die beste Plattform aufbauen, um das Wachstum der Mitarbeiter zu f\u00f6rdern!<\/p>    <p>Werte: Integrit\u00e4t, Dankbarkeit, Nutzen, gegenseitige Hilfe.<\/p>    <figure class=\"wp-block-image alignnone wp-image-2058 size-full\"><img loading=\"lazy\" decoding=\"async\" width=\"1200\" height=\"500\" src=\"https:\/\/taizyfoodmachines.com\/wp-content\/uploads\/2019\/07\/certificate-1.jpg\" alt=\"certificate\" class=\"wp-image-2058\" title=\"\" srcset=\"https:\/\/taizyfoodmachines.com\/wp-content\/uploads\/2019\/07\/certificate-1.jpg 1200w, https:\/\/taizyfoodmachines.com\/wp-content\/uploads\/2019\/07\/certificate-1-300x125.jpg 300w, https:\/\/taizyfoodmachines.com\/wp-content\/uploads\/2019\/07\/certificate-1-768x320.jpg 768w, https:\/\/taizyfoodmachines.com\/wp-content\/uploads\/2019\/07\/certificate-1-1024x427.jpg 1024w, https:\/\/taizyfoodmachines.com\/wp-content\/uploads\/2019\/07\/certificate-1-990x413.jpg 990w\" sizes=\"auto, (max-width: 1200px) 100vw, 1200px\" \/><figcaption class=\"wp-element-caption\">Zertifikat<\/figcaption><\/figure>    <h2 class=\"wp-block-heading\">Gesch\u00e4ftsteam<\/h2>    <p>Derzeit besteht Zhengzhou Taizy Machinery Equipment Co., Ltd. aus der F&amp;E-Abteilung, der technischen Abteilung, der Au\u00dfenhandelsabteilung, der Einkaufsabteilung, der E-Commerce-Abteilung, der Personalabteilung, der Finanzabteilung und der Dokumentenabteilung. Dieses junge Team von Taizy h\u00e4lt an der Vision fest: \u201eDie beste Plattform aufbauen und den Mitarbeitern beim Wachsen helfen\u201c mit der einzigartigen Leidenschaft und Vitalit\u00e4t junger Menschen; das beste Gleichgewicht zwischen Kundennutzen, Unternehmensinteressen und Mitarbeitervorteilen zu verfolgen, um die gemeinsame Entwicklung von Kunden, Unternehmen und Mitarbeitern zu erreichen!<\/p>    <figure class=\"wp-block-image alignnone size-full is-resized wp-image-2999\"><img loading=\"lazy\" decoding=\"async\" width=\"750\" height=\"780\" src=\"https:\/\/taizyfoodmachines.com\/wp-content\/uploads\/2026\/01\/lQDPJx-Y5NmE1RnNAwzNAu6wR0uOKu-ZJXYIc-Ad-LbFAw_750_780.jpg\" alt=\"\" class=\"wp-image-30106\" style=\"aspect-ratio:0.961541294133243;width:1020px;height:auto\" title=\"\" srcset=\"https:\/\/taizyfoodmachines.com\/wp-content\/uploads\/2026\/01\/lQDPJx-Y5NmE1RnNAwzNAu6wR0uOKu-ZJXYIc-Ad-LbFAw_750_780.jpg 750w, https:\/\/taizyfoodmachines.com\/wp-content\/uploads\/2026\/01\/lQDPJx-Y5NmE1RnNAwzNAu6wR0uOKu-ZJXYIc-Ad-LbFAw_750_780-12x12.jpg 12w\" sizes=\"auto, (max-width: 750px) 100vw, 750px\" \/><figcaption class=\"wp-element-caption\">Mit Kunden Kommunizieren<\/figcaption><\/figure>","protected":false},"excerpt":{"rendered":"<p>Zhengzhou Taizy Machinery Equipment Co. Ltd. was founded in 2011. It is a large-scale industrial group specializing in the research, development, production, and sales of mechanical equipment. The headquarters and R&amp;D base are located in the scenic Economic Development Zone of Zhengzhou City, Henan Province. Since its inception, the company has always believed that science [&hellip;]<\/p>\n","protected":false},"author":1,"featured_media":0,"parent":0,"menu_order":0,"comment_status":"closed","ping_status":"closed","template":"","meta":{"footnotes":""},"class_list":["post-2053","page","type-page","status-publish","hentry"],"_links":{"self":[{"href":"https:\/\/taizyfoodmachines.com\/de\/wp-json\/wp\/v2\/pages\/2053","targetHints":{"allow":["GET"]}}],"collection":[{"href":"https:\/\/taizyfoodmachines.com\/de\/wp-json\/wp\/v2\/pages"}],"about":[{"href":"https:\/\/taizyfoodmachines.com\/de\/wp-json\/wp\/v2\/types\/page"}],"author":[{"embeddable":true,"href":"https:\/\/taizyfoodmachines.com\/de\/wp-json\/wp\/v2\/users\/1"}],"replies":[{"embeddable":true,"href":"https:\/\/taizyfoodmachines.com\/de\/wp-json\/wp\/v2\/comments?post=2053"}],"version-history":[{"count":0,"href":"https:\/\/taizyfoodmachines.com\/de\/wp-json\/wp\/v2\/pages\/2053\/revisions"}],"wp:attachment":[{"href":"https:\/\/taizyfoodmachines.com\/de\/wp-json\/wp\/v2\/media?parent=2053"}],"curies":[{"name":"wp","href":"https:\/\/api.w.org\/{rel}","templated":true}]}}