{"id":2053,"date":"2019-07-23T17:43:58","date_gmt":"2019-07-23T09:43:58","guid":{"rendered":"https:\/\/taizyfoodmachines.com\/?page_id=2053"},"modified":"2026-01-04T17:46:45","modified_gmt":"2026-01-04T09:46:45","slug":"about-us","status":"publish","type":"page","link":"https:\/\/taizyfoodmachines.com\/es\/sobre-nosotros\/","title":{"rendered":"Sobre nosotros"},"content":{"rendered":"<p>Zhengzhou Taizy Machinery Equipment Co. Ltd. se fund\u00f3 en 2011. Es un grupo industrial a gran escala que se especializa en la investigaci\u00f3n, desarrollo, producci\u00f3n y venta de equipos mec\u00e1nicos. La sede y la base de I+D est\u00e1n ubicadas en la pintoresca zona de desarrollo econ\u00f3mico de la ciudad de Zhengzhou, provincia de Henan. Desde sus inicios, la empresa siempre ha cre\u00eddo que la ciencia y la tecnolog\u00eda son la primera productividad. Bajo la gu\u00eda de este concepto, hemos contratado a un gran n\u00famero de expertos mec\u00e1nicos t\u00e9cnicos y con experiencia como nuestros consultores de producci\u00f3n. Aprendizaje continuo en tecnolog\u00eda, innovaci\u00f3n continua y esforzarnos por brindar a los clientes maquinaria de primera calidad.<\/p>    <figure class=\"wp-block-image alignnone size-full wp-image-8916\"><img loading=\"lazy\" decoding=\"async\" width=\"1200\" height=\"521\" src=\"https:\/\/taizyfoodmachines.com\/wp-content\/uploads\/2021\/12\/Taizy-Machinery.jpg\" alt=\"Maquinaria Taizy\" class=\"wp-image-8916\" title=\"\" srcset=\"https:\/\/taizyfoodmachines.com\/wp-content\/uploads\/2021\/12\/Taizy-Machinery.jpg 1200w, https:\/\/taizyfoodmachines.com\/wp-content\/uploads\/2021\/12\/Taizy-Machinery-768x333.jpg 768w, https:\/\/taizyfoodmachines.com\/wp-content\/uploads\/2021\/12\/Taizy-Machinery-990x430.jpg 990w\" sizes=\"auto, (max-width: 1200px) 100vw, 1200px\" \/><figcaption class=\"wp-element-caption\">Maquinaria Taizy<\/figcaption><\/figure>    <p>Adem\u00e1s, la empresa no solo ofrece a los clientes productos de alta calidad, sino que tambi\u00e9n ofrece un servicio de primera clase y soporte y soluciones eficaces. Con muchos a\u00f1os de experiencia en fabricaci\u00f3n y ventas en la industria de maquinaria, Taizy se ha ganado una buena reputaci\u00f3n con el concepto de servicio de \"Calidad primero, servicio supremo\" y productos de alta calidad. Es una marca reconocida en la industria de la maquinaria y, por lo tanto, se le ha otorgado el t\u00edtulo de \"Empresa que cumple con los contratos y tiene confiabilidad crediticia\" y \"Empresa avanzada de producci\u00f3n segura\". En la actualidad, nuestros productos se han exportado a muchos pa\u00edses y regiones, como Estados Unidos, Australia, Brasil, Cuba, Colombia, Chile, M\u00e9xico, Venezuela, Per\u00fa, Filipinas, Kazajst\u00e1n, Rusia, Arabia Saudita, Israel, Ghana, Sud\u00e1n, Singapur, Nigeria, Sud\u00e1frica, Sri Lanka, Turqu\u00eda y otros m\u00e1s de 100 pa\u00edses y regiones de todo el mundo.<\/p>    <figure class=\"wp-block-image alignnone wp-image-2998\"><img loading=\"lazy\" decoding=\"async\" width=\"1200\" height=\"218\" src=\"https:\/\/taizyfoodmachines.com\/wp-content\/uploads\/2019\/09\/our-factory-and-stock.jpg\" alt=\"nuestra f\u00e1brica y stock\" class=\"wp-image-2998\" title=\"\" srcset=\"https:\/\/taizyfoodmachines.com\/wp-content\/uploads\/2019\/09\/our-factory-and-stock.jpg 1200w, https:\/\/taizyfoodmachines.com\/wp-content\/uploads\/2019\/09\/our-factory-and-stock-300x55.jpg 300w, https:\/\/taizyfoodmachines.com\/wp-content\/uploads\/2019\/09\/our-factory-and-stock-768x140.jpg 768w, https:\/\/taizyfoodmachines.com\/wp-content\/uploads\/2019\/09\/our-factory-and-stock-1024x186.jpg 1024w, https:\/\/taizyfoodmachines.com\/wp-content\/uploads\/2019\/09\/our-factory-and-stock-990x180.jpg 990w\" sizes=\"auto, (max-width: 1200px) 100vw, 1200px\" \/><figcaption class=\"wp-element-caption\">Nuestra f\u00e1brica y stock<\/figcaption><\/figure>    <h2 class=\"wp-block-heading\"><strong><b>Cultura de la empresa<\/b><\/strong><\/h2>    <p>Misi\u00f3n: Los productos vendidos en todo el mundo permiten que las m\u00e1quinas chinas se extiendan por todo el mundo \/ sean mundialmente reconocidas.<\/p>    <p>Visi\u00f3n: \u00a1Construir la mejor plataforma para ayudar a los empleados a crecer!<\/p>    <p>Valores: Integridad, Gratitud, Beneficios, Ayuda Mutua.<\/p>    <figure class=\"wp-block-image alignnone wp-image-2058 size-full\"><img loading=\"lazy\" decoding=\"async\" width=\"1200\" height=\"500\" src=\"https:\/\/taizyfoodmachines.com\/wp-content\/uploads\/2019\/07\/certificate-1.jpg\" alt=\"certificado\" class=\"wp-image-2058\" title=\"\" srcset=\"https:\/\/taizyfoodmachines.com\/wp-content\/uploads\/2019\/07\/certificate-1.jpg 1200w, https:\/\/taizyfoodmachines.com\/wp-content\/uploads\/2019\/07\/certificate-1-300x125.jpg 300w, https:\/\/taizyfoodmachines.com\/wp-content\/uploads\/2019\/07\/certificate-1-768x320.jpg 768w, https:\/\/taizyfoodmachines.com\/wp-content\/uploads\/2019\/07\/certificate-1-1024x427.jpg 1024w, https:\/\/taizyfoodmachines.com\/wp-content\/uploads\/2019\/07\/certificate-1-990x413.jpg 990w\" sizes=\"auto, (max-width: 1200px) 100vw, 1200px\" \/><figcaption class=\"wp-element-caption\">Certificado<\/figcaption><\/figure>    <h2 class=\"wp-block-heading\">equipo de negocios<\/h2>    <p>En la actualidad, Zhengzhou Taizy Machinery Equipment Co., Ltd. consta del departamento de I+D, el departamento t\u00e9cnico, el departamento de comercio exterior, el departamento de compras, el departamento de comercio electr\u00f3nico, el departamento de personal, el departamento de finanzas y el departamento de documentos. Este joven equipo de Taizy se adhiere a la visi\u00f3n de \u201cconstruir la mejor plataforma y ayudar a los empleados a crecer\u201d con la pasi\u00f3n y vitalidad \u00fanicas de los j\u00f3venes; \u00a1Buscar la mejor combinaci\u00f3n de beneficios para el cliente, intereses corporativos y beneficios para los empleados, para lograr el desarrollo com\u00fan de clientes, empresas y empleados!<\/p>    <figure class=\"wp-block-image alignnone size-full is-resized wp-image-2999\"><img loading=\"lazy\" decoding=\"async\" width=\"750\" height=\"780\" src=\"https:\/\/taizyfoodmachines.com\/wp-content\/uploads\/2026\/01\/lQDPJx-Y5NmE1RnNAwzNAu6wR0uOKu-ZJXYIc-Ad-LbFAw_750_780.jpg\" alt=\"\" class=\"wp-image-30106\" style=\"aspect-ratio:0.961541294133243;width:1020px;height:auto\" title=\"\" srcset=\"https:\/\/taizyfoodmachines.com\/wp-content\/uploads\/2026\/01\/lQDPJx-Y5NmE1RnNAwzNAu6wR0uOKu-ZJXYIc-Ad-LbFAw_750_780.jpg 750w, https:\/\/taizyfoodmachines.com\/wp-content\/uploads\/2026\/01\/lQDPJx-Y5NmE1RnNAwzNAu6wR0uOKu-ZJXYIc-Ad-LbFAw_750_780-12x12.jpg 12w\" sizes=\"auto, (max-width: 750px) 100vw, 750px\" \/><figcaption class=\"wp-element-caption\">Comunicarse con los clientes<\/figcaption><\/figure>","protected":false},"excerpt":{"rendered":"<p>Zhengzhou Taizy Machinery Equipment Co. Ltd. was founded in 2011. It is a large-scale industrial group specializing in the research, development, production, and sales of mechanical equipment. The headquarters and R&amp;D base are located in the scenic Economic Development Zone of Zhengzhou City, Henan Province. Since its inception, the company has always believed that science [&hellip;]<\/p>\n","protected":false},"author":1,"featured_media":0,"parent":0,"menu_order":0,"comment_status":"closed","ping_status":"closed","template":"","meta":{"footnotes":""},"class_list":["post-2053","page","type-page","status-publish","hentry"],"_links":{"self":[{"href":"https:\/\/taizyfoodmachines.com\/es\/wp-json\/wp\/v2\/pages\/2053","targetHints":{"allow":["GET"]}}],"collection":[{"href":"https:\/\/taizyfoodmachines.com\/es\/wp-json\/wp\/v2\/pages"}],"about":[{"href":"https:\/\/taizyfoodmachines.com\/es\/wp-json\/wp\/v2\/types\/page"}],"author":[{"embeddable":true,"href":"https:\/\/taizyfoodmachines.com\/es\/wp-json\/wp\/v2\/users\/1"}],"replies":[{"embeddable":true,"href":"https:\/\/taizyfoodmachines.com\/es\/wp-json\/wp\/v2\/comments?post=2053"}],"version-history":[{"count":0,"href":"https:\/\/taizyfoodmachines.com\/es\/wp-json\/wp\/v2\/pages\/2053\/revisions"}],"wp:attachment":[{"href":"https:\/\/taizyfoodmachines.com\/es\/wp-json\/wp\/v2\/media?parent=2053"}],"curies":[{"name":"wp","href":"https:\/\/api.w.org\/{rel}","templated":true}]}}