{"id":2053,"date":"2019-07-23T17:43:58","date_gmt":"2019-07-23T09:43:58","guid":{"rendered":"https:\/\/taizyfoodmachines.com\/?page_id=2053"},"modified":"2026-01-04T17:46:45","modified_gmt":"2026-01-04T09:46:45","slug":"about-us","status":"publish","type":"page","link":"https:\/\/taizyfoodmachines.com\/fr\/a-propos-de-nous\/","title":{"rendered":"\u00c0 propos de nous"},"content":{"rendered":"<p>Zhengzhou Taizy Machinery Equipment Co. Ltd. a \u00e9t\u00e9 fond\u00e9e en 2011. Il s'agit d'un groupe industriel \u00e0 grande \u00e9chelle sp\u00e9cialis\u00e9 dans la recherche, le d\u00e9veloppement, la production et la vente d'\u00e9quipements m\u00e9caniques. Le si\u00e8ge social et la base de R&amp;D sont situ\u00e9s dans la pittoresque zone de d\u00e9veloppement \u00e9conomique de la ville de Zhengzhou, province du Henan. Depuis sa cr\u00e9ation, l\u2019entreprise a toujours cru que la science et la technologie constituent la premi\u00e8re productivit\u00e9. Sous la direction de ce concept, nous avons embauch\u00e9 un grand nombre d\u2019experts en m\u00e9canique exp\u00e9riment\u00e9s et techniques comme consultants en production. Apprentissage continu de la technologie, innovation continue et effort pour fournir aux clients des machines de premi\u00e8re qualit\u00e9.<\/p>    <figure class=\"wp-block-image alignnone size-full wp-image-8916\"><img loading=\"lazy\" decoding=\"async\" width=\"1200\" height=\"521\" src=\"https:\/\/taizyfoodmachines.com\/wp-content\/uploads\/2021\/12\/Taizy-Machinery.jpg\" alt=\"Machines Taizy\" class=\"wp-image-8916\" title=\"\" srcset=\"https:\/\/taizyfoodmachines.com\/wp-content\/uploads\/2021\/12\/Taizy-Machinery.jpg 1200w, https:\/\/taizyfoodmachines.com\/wp-content\/uploads\/2021\/12\/Taizy-Machinery-768x333.jpg 768w, https:\/\/taizyfoodmachines.com\/wp-content\/uploads\/2021\/12\/Taizy-Machinery-990x430.jpg 990w\" sizes=\"auto, (max-width: 1200px) 100vw, 1200px\" \/><figcaption class=\"wp-element-caption\">Machines Taizy<\/figcaption><\/figure>    <p>En outre, l'entreprise fournit non seulement \u00e0 ses clients des produits de haute qualit\u00e9, mais \u00e9galement un service de premi\u00e8re classe ainsi qu'un support et des solutions efficaces. Avec de nombreuses ann\u00e9es d'exp\u00e9rience dans la fabrication et la vente dans l'industrie des machines, Taizy a acquis une bonne r\u00e9putation gr\u00e2ce au concept de service \u00ab Qualit\u00e9 d'abord, service supr\u00eame \u00bb et \u00e0 des produits de haute qualit\u00e9. Il s'agit d'une marque reconnue dans l'industrie des machines et a donc re\u00e7u le titre d'\u00ab\u00a0Entreprise honorant les contrats et fiable en mati\u00e8re de cr\u00e9dit\u00a0\u00bb et d'\u00ab\u00a0Entreprise avanc\u00e9e de production s\u00fbre\u00a0\u00bb. \u00c0 l'heure actuelle, nos produits ont \u00e9t\u00e9 export\u00e9s vers de nombreux pays et r\u00e9gions, tels que les \u00c9tats-Unis, l'Australie, le Br\u00e9sil, Cuba, la Colombie, le Chili, le Mexique, le Venezuela, le P\u00e9rou, les Philippines, le Kazakhstan, la Russie, l'Arabie saoudite, Isra\u00ebl, le Ghana, Soudan, Singapour, Nigeria, Afrique du Sud, Sri Lanka, Turquie et plus de 100 pays et r\u00e9gions \u00e0 travers le monde.<\/p>    <figure class=\"wp-block-image alignnone wp-image-2998\"><img loading=\"lazy\" decoding=\"async\" width=\"1200\" height=\"218\" src=\"https:\/\/taizyfoodmachines.com\/wp-content\/uploads\/2019\/09\/our-factory-and-stock.jpg\" alt=\"notre usine et nos stocks\" class=\"wp-image-2998\" title=\"\" srcset=\"https:\/\/taizyfoodmachines.com\/wp-content\/uploads\/2019\/09\/our-factory-and-stock.jpg 1200w, https:\/\/taizyfoodmachines.com\/wp-content\/uploads\/2019\/09\/our-factory-and-stock-300x55.jpg 300w, https:\/\/taizyfoodmachines.com\/wp-content\/uploads\/2019\/09\/our-factory-and-stock-768x140.jpg 768w, https:\/\/taizyfoodmachines.com\/wp-content\/uploads\/2019\/09\/our-factory-and-stock-1024x186.jpg 1024w, https:\/\/taizyfoodmachines.com\/wp-content\/uploads\/2019\/09\/our-factory-and-stock-990x180.jpg 990w\" sizes=\"auto, (max-width: 1200px) 100vw, 1200px\" \/><figcaption class=\"wp-element-caption\">Notre usine et stock<\/figcaption><\/figure>    <h2 class=\"wp-block-heading\"><strong><b>Culture d'entreprise<\/b><\/strong><\/h2>    <p>Mission\u00a0:\u00a0Les marchandises vendues dans le monde entier permettent aux machines chinoises de se r\u00e9pandre dans le monde entier et de renomm\u00e9e mondiale.<\/p>    <p>Vision\u00a0: Construire la meilleure plateforme pour aider les employ\u00e9s \u00e0 grandir\u00a0!<\/p>    <p>Valeurs : Int\u00e9grit\u00e9, Gratitude, B\u00e9n\u00e9fices, Entraide.<\/p>    <figure class=\"wp-block-image alignnone wp-image-2058 size-full\"><img loading=\"lazy\" decoding=\"async\" width=\"1200\" height=\"500\" src=\"https:\/\/taizyfoodmachines.com\/wp-content\/uploads\/2019\/07\/certificate-1.jpg\" alt=\"certificat\" class=\"wp-image-2058\" title=\"\" srcset=\"https:\/\/taizyfoodmachines.com\/wp-content\/uploads\/2019\/07\/certificate-1.jpg 1200w, https:\/\/taizyfoodmachines.com\/wp-content\/uploads\/2019\/07\/certificate-1-300x125.jpg 300w, https:\/\/taizyfoodmachines.com\/wp-content\/uploads\/2019\/07\/certificate-1-768x320.jpg 768w, https:\/\/taizyfoodmachines.com\/wp-content\/uploads\/2019\/07\/certificate-1-1024x427.jpg 1024w, https:\/\/taizyfoodmachines.com\/wp-content\/uploads\/2019\/07\/certificate-1-990x413.jpg 990w\" sizes=\"auto, (max-width: 1200px) 100vw, 1200px\" \/><figcaption class=\"wp-element-caption\">Certificat<\/figcaption><\/figure>    <h2 class=\"wp-block-heading\">\u00c9quipe commerciale<\/h2>    <p>\u00c0 l'heure actuelle, Zhengzhou Taizy Machinery Equipment Co., Ltd. comprend le d\u00e9partement R&amp;D, le d\u00e9partement technique, le d\u00e9partement du commerce ext\u00e9rieur, le d\u00e9partement des achats, le d\u00e9partement du commerce \u00e9lectronique, le d\u00e9partement du personnel, le d\u00e9partement financier et le d\u00e9partement des documents. Cette jeune \u00e9quipe de Taizy adh\u00e8re \u00e0 la vision de \u00ab construire la meilleure plateforme et aider les employ\u00e9s \u00e0 grandir \u00bb avec la passion et la vitalit\u00e9 uniques des jeunes ; rechercher la meilleure combinaison d'avantages clients, d'int\u00e9r\u00eats de l'entreprise et d'avantages sociaux, pour parvenir au d\u00e9veloppement commun des clients, des entreprises et des employ\u00e9s\u00a0!<\/p>    <figure class=\"wp-block-image alignnone size-full is-resized wp-image-2999\"><img loading=\"lazy\" decoding=\"async\" width=\"750\" height=\"780\" src=\"https:\/\/taizyfoodmachines.com\/wp-content\/uploads\/2026\/01\/lQDPJx-Y5NmE1RnNAwzNAu6wR0uOKu-ZJXYIc-Ad-LbFAw_750_780.jpg\" alt=\"\" class=\"wp-image-30106\" style=\"aspect-ratio:0.961541294133243;width:1020px;height:auto\" title=\"\" srcset=\"https:\/\/taizyfoodmachines.com\/wp-content\/uploads\/2026\/01\/lQDPJx-Y5NmE1RnNAwzNAu6wR0uOKu-ZJXYIc-Ad-LbFAw_750_780.jpg 750w, https:\/\/taizyfoodmachines.com\/wp-content\/uploads\/2026\/01\/lQDPJx-Y5NmE1RnNAwzNAu6wR0uOKu-ZJXYIc-Ad-LbFAw_750_780-12x12.jpg 12w\" sizes=\"auto, (max-width: 750px) 100vw, 750px\" \/><figcaption class=\"wp-element-caption\">Communiquer avec les clients<\/figcaption><\/figure>","protected":false},"excerpt":{"rendered":"<p>Zhengzhou Taizy Machinery Equipment Co. Ltd. was founded in 2011. It is a large-scale industrial group specializing in the research, development, production, and sales of mechanical equipment. The headquarters and R&amp;D base are located in the scenic Economic Development Zone of Zhengzhou City, Henan Province. Since its inception, the company has always believed that science [&hellip;]<\/p>\n","protected":false},"author":1,"featured_media":0,"parent":0,"menu_order":0,"comment_status":"closed","ping_status":"closed","template":"","meta":{"footnotes":""},"class_list":["post-2053","page","type-page","status-publish","hentry"],"_links":{"self":[{"href":"https:\/\/taizyfoodmachines.com\/fr\/wp-json\/wp\/v2\/pages\/2053","targetHints":{"allow":["GET"]}}],"collection":[{"href":"https:\/\/taizyfoodmachines.com\/fr\/wp-json\/wp\/v2\/pages"}],"about":[{"href":"https:\/\/taizyfoodmachines.com\/fr\/wp-json\/wp\/v2\/types\/page"}],"author":[{"embeddable":true,"href":"https:\/\/taizyfoodmachines.com\/fr\/wp-json\/wp\/v2\/users\/1"}],"replies":[{"embeddable":true,"href":"https:\/\/taizyfoodmachines.com\/fr\/wp-json\/wp\/v2\/comments?post=2053"}],"version-history":[{"count":0,"href":"https:\/\/taizyfoodmachines.com\/fr\/wp-json\/wp\/v2\/pages\/2053\/revisions"}],"wp:attachment":[{"href":"https:\/\/taizyfoodmachines.com\/fr\/wp-json\/wp\/v2\/media?parent=2053"}],"curies":[{"name":"wp","href":"https:\/\/api.w.org\/{rel}","templated":true}]}}