{"id":2053,"date":"2019-07-23T17:43:58","date_gmt":"2019-07-23T09:43:58","guid":{"rendered":"https:\/\/taizyfoodmachines.com\/?page_id=2053"},"modified":"2026-01-04T17:46:45","modified_gmt":"2026-01-04T09:46:45","slug":"about-us","status":"publish","type":"page","link":"https:\/\/taizyfoodmachines.com\/pt\/sobre-nos\/","title":{"rendered":"Sobre n\u00f3s"},"content":{"rendered":"<p>foi fundada em 2011. \u00c9 um grupo industrial de grande escala especializado em pesquisa, desenvolvimento, produ\u00e7\u00e3o e vendas de equipamentos mec\u00e2nicos. A sede e a base de P&amp;D est\u00e3o localizadas na pitoresca Zona de Desenvolvimento Econ\u00f4mico da cidade de Zhengzhou, prov\u00edncia de Henan. Desde a sua cria\u00e7\u00e3o, a empresa sempre acreditou que a ci\u00eancia e a tecnologia s\u00e3o a primeira produtividade. Sob a orienta\u00e7\u00e3o deste conceito, contratamos um grande n\u00famero de especialistas mec\u00e2nicos experientes e t\u00e9cnicos como nossos consultores de produ\u00e7\u00e3o. Aprendizagem cont\u00ednua em tecnologia, inova\u00e7\u00e3o cont\u00ednua e esfor\u00e7o para fornecer aos clientes m\u00e1quinas de qualidade de primeira classe.<\/p>    <figure class=\"wp-block-image alignnone size-full wp-image-8916\"><img loading=\"lazy\" decoding=\"async\" width=\"1200\" height=\"521\" src=\"https:\/\/taizyfoodmachines.com\/wp-content\/uploads\/2021\/12\/Taizy-Machinery.jpg\" alt=\"M\u00e1quinas Taizy\" class=\"wp-image-8916\" title=\"\" srcset=\"https:\/\/taizyfoodmachines.com\/wp-content\/uploads\/2021\/12\/Taizy-Machinery.jpg 1200w, https:\/\/taizyfoodmachines.com\/wp-content\/uploads\/2021\/12\/Taizy-Machinery-768x333.jpg 768w, https:\/\/taizyfoodmachines.com\/wp-content\/uploads\/2021\/12\/Taizy-Machinery-990x430.jpg 990w\" sizes=\"auto, (max-width: 1200px) 100vw, 1200px\" \/><figcaption class=\"wp-element-caption\">M\u00e1quinas Taizy<\/figcaption><\/figure>    <p>Al\u00e9m disso, a empresa n\u00e3o apenas fornece aos clientes produtos de alta qualidade, mas tamb\u00e9m oferece servi\u00e7os de primeira classe e suporte e solu\u00e7\u00f5es eficazes. Com muitos anos de experi\u00eancia em fabrica\u00e7\u00e3o e vendas na ind\u00fastria de m\u00e1quinas, Taizy conquistou uma boa reputa\u00e7\u00e3o com o conceito de servi\u00e7o \u201cQualidade em Primeiro Lugar, Servi\u00e7o Supremo\u201d e produtos de alta qualidade. \u00c9 uma marca reconhecida na ind\u00fastria de m\u00e1quinas e, portanto, recebeu o t\u00edtulo de \u201cEmpresa que honra contratos e cr\u00e9dito confi\u00e1vel\u201d e \u201cEmpresa Avan\u00e7ada de Produ\u00e7\u00e3o Segura\u201d. Actualmente, os nossos produtos foram exportados para v\u00e1rios pa\u00edses e regi\u00f5es, como os Estados Unidos, Austr\u00e1lia, Brasil, Cuba, Col\u00f4mbia, Chile, M\u00e9xico, Venezuela, Peru, Filipinas, Cazaquist\u00e3o, R\u00fassia, Ar\u00e1bia Saudita, Israel, Gana, Sud\u00e3o, Singapura, Nig\u00e9ria, \u00c1frica do Sul, Sri Lanka, Turquia e outros mais de 100 pa\u00edses e regi\u00f5es ao redor do mundo.<\/p>    <figure class=\"wp-block-image alignnone wp-image-2998\"><img loading=\"lazy\" decoding=\"async\" width=\"1200\" height=\"218\" src=\"https:\/\/taizyfoodmachines.com\/wp-content\/uploads\/2019\/09\/our-factory-and-stock.jpg\" alt=\"nossa f\u00e1brica e estoque\" class=\"wp-image-2998\" title=\"\" srcset=\"https:\/\/taizyfoodmachines.com\/wp-content\/uploads\/2019\/09\/our-factory-and-stock.jpg 1200w, https:\/\/taizyfoodmachines.com\/wp-content\/uploads\/2019\/09\/our-factory-and-stock-300x55.jpg 300w, https:\/\/taizyfoodmachines.com\/wp-content\/uploads\/2019\/09\/our-factory-and-stock-768x140.jpg 768w, https:\/\/taizyfoodmachines.com\/wp-content\/uploads\/2019\/09\/our-factory-and-stock-1024x186.jpg 1024w, https:\/\/taizyfoodmachines.com\/wp-content\/uploads\/2019\/09\/our-factory-and-stock-990x180.jpg 990w\" sizes=\"auto, (max-width: 1200px) 100vw, 1200px\" \/><figcaption class=\"wp-element-caption\">Nossa f\u00e1brica e estoque<\/figcaption><\/figure>    <h2 class=\"wp-block-heading\"><strong><b>Cultura da empresa<\/b><\/strong><\/h2>    <p>Miss\u00e3o: Os produtos vendidos em todo o mundo, permitem que as m\u00e1quinas chinesas se espalhem por todo o mundo \/ sejam mundialmente conhecidas.<\/p>    <p>Vis\u00e3o: Construir a melhor plataforma para ajudar os funcion\u00e1rios a crescer!<\/p>    <p>Valores: Integridade, Gratid\u00e3o, Benef\u00edcios, Ajuda M\u00fatua.<\/p>    <figure class=\"wp-block-image alignnone wp-image-2058 size-full\"><img loading=\"lazy\" decoding=\"async\" width=\"1200\" height=\"500\" src=\"https:\/\/taizyfoodmachines.com\/wp-content\/uploads\/2019\/07\/certificate-1.jpg\" alt=\"certificado\" class=\"wp-image-2058\" title=\"\" srcset=\"https:\/\/taizyfoodmachines.com\/wp-content\/uploads\/2019\/07\/certificate-1.jpg 1200w, https:\/\/taizyfoodmachines.com\/wp-content\/uploads\/2019\/07\/certificate-1-300x125.jpg 300w, https:\/\/taizyfoodmachines.com\/wp-content\/uploads\/2019\/07\/certificate-1-768x320.jpg 768w, https:\/\/taizyfoodmachines.com\/wp-content\/uploads\/2019\/07\/certificate-1-1024x427.jpg 1024w, https:\/\/taizyfoodmachines.com\/wp-content\/uploads\/2019\/07\/certificate-1-990x413.jpg 990w\" sizes=\"auto, (max-width: 1200px) 100vw, 1200px\" \/><figcaption class=\"wp-element-caption\">Certificado<\/figcaption><\/figure>    <h2 class=\"wp-block-heading\">Equipe de neg\u00f3cios<\/h2>    <p>Atualmente, Zhengzhou Taizy Machinery Equipment Co., Ltd. consiste no departamento de P&amp;D, departamento t\u00e9cnico, departamento de com\u00e9rcio exterior, departamento de compras, departamento de com\u00e9rcio eletr\u00f4nico, departamento de pessoal, departamento financeiro e departamento de documentos. Esta jovem equipa de Taizy est\u00e1 aderindo \u00e0 vis\u00e3o de \u201cconstruir a melhor plataforma e ajudar os funcion\u00e1rios a crescer\u201d com a paix\u00e3o e vitalidade \u00fanicas dos jovens; buscando a melhor combina\u00e7\u00e3o de benef\u00edcios para clientes, interesses corporativos e benef\u00edcios para funcion\u00e1rios, para alcan\u00e7ar o desenvolvimento comum de clientes, empresas e funcion\u00e1rios!<\/p>    <figure class=\"wp-block-image alignnone size-full is-resized wp-image-2999\"><img loading=\"lazy\" decoding=\"async\" width=\"750\" height=\"780\" src=\"https:\/\/taizyfoodmachines.com\/wp-content\/uploads\/2026\/01\/lQDPJx-Y5NmE1RnNAwzNAu6wR0uOKu-ZJXYIc-Ad-LbFAw_750_780.jpg\" alt=\"\" class=\"wp-image-30106\" style=\"aspect-ratio:0.961541294133243;width:1020px;height:auto\" title=\"\" srcset=\"https:\/\/taizyfoodmachines.com\/wp-content\/uploads\/2026\/01\/lQDPJx-Y5NmE1RnNAwzNAu6wR0uOKu-ZJXYIc-Ad-LbFAw_750_780.jpg 750w, https:\/\/taizyfoodmachines.com\/wp-content\/uploads\/2026\/01\/lQDPJx-Y5NmE1RnNAwzNAu6wR0uOKu-ZJXYIc-Ad-LbFAw_750_780-12x12.jpg 12w\" sizes=\"auto, (max-width: 750px) 100vw, 750px\" \/><figcaption class=\"wp-element-caption\">Comunique-se com os clientes<\/figcaption><\/figure>","protected":false},"excerpt":{"rendered":"<p>Zhengzhou Taizy Machinery Equipment Co. Ltd. was founded in 2011. It is a large-scale industrial group specializing in the research, development, production, and sales of mechanical equipment. The headquarters and R&amp;D base are located in the scenic Economic Development Zone of Zhengzhou City, Henan Province. Since its inception, the company has always believed that science [&hellip;]<\/p>\n","protected":false},"author":1,"featured_media":0,"parent":0,"menu_order":0,"comment_status":"closed","ping_status":"closed","template":"","meta":{"footnotes":""},"class_list":["post-2053","page","type-page","status-publish","hentry"],"_links":{"self":[{"href":"https:\/\/taizyfoodmachines.com\/pt\/wp-json\/wp\/v2\/pages\/2053","targetHints":{"allow":["GET"]}}],"collection":[{"href":"https:\/\/taizyfoodmachines.com\/pt\/wp-json\/wp\/v2\/pages"}],"about":[{"href":"https:\/\/taizyfoodmachines.com\/pt\/wp-json\/wp\/v2\/types\/page"}],"author":[{"embeddable":true,"href":"https:\/\/taizyfoodmachines.com\/pt\/wp-json\/wp\/v2\/users\/1"}],"replies":[{"embeddable":true,"href":"https:\/\/taizyfoodmachines.com\/pt\/wp-json\/wp\/v2\/comments?post=2053"}],"version-history":[{"count":0,"href":"https:\/\/taizyfoodmachines.com\/pt\/wp-json\/wp\/v2\/pages\/2053\/revisions"}],"wp:attachment":[{"href":"https:\/\/taizyfoodmachines.com\/pt\/wp-json\/wp\/v2\/media?parent=2053"}],"curies":[{"name":"wp","href":"https:\/\/api.w.org\/{rel}","templated":true}]}}