{"id":2053,"date":"2019-07-23T17:43:58","date_gmt":"2019-07-23T09:43:58","guid":{"rendered":"https:\/\/taizyfoodmachines.com\/?page_id=2053"},"modified":"2026-01-04T17:46:45","modified_gmt":"2026-01-04T09:46:45","slug":"about-us","status":"publish","type":"page","link":"https:\/\/taizyfoodmachines.com\/tr\/about-us\/","title":{"rendered":"Hakk\u0131m\u0131zda"},"content":{"rendered":"<p>Zhengzhou Taizy Machinery Equipment Co. Ltd. 2011 y\u0131l\u0131nda kuruldu. Mekanik ekipman ara\u015ft\u0131rma, geli\u015ftirme, \u00fcretim ve sat\u0131\u015f\u0131nda uzmanla\u015fm\u0131\u015f b\u00fcy\u00fck \u00f6l\u00e7ekli sanayi grubudur. Genel merkez ve Ar-Ge merkezi, Henan Eyaleti Zhengzhou \u015eehri'nin g\u00fczel Ekonomik Kalk\u0131nma B\u00f6lgesi'nde bulunmaktad\u0131r. Kurulu\u015fundan bu yana, \u015firket her zaman bilimin ve teknolojinin ilk \u00fcretkenlik oldu\u011funa inanm\u0131\u015ft\u0131r. Bu kavram\u0131n rehberli\u011finde, \u00e7ok say\u0131da deneyimli ve teknik makine uzman\u0131n\u0131 \u00fcretim dan\u0131\u015fmanlar\u0131m\u0131z olarak i\u015fe ald\u0131k. Teknolojide s\u00fcrekli \u00f6\u011frenme, s\u00fcrekli yenilik ve m\u00fc\u015fterilere birinci s\u0131n\u0131f kalite makineler sunma \u00e7abas\u0131 i\u00e7indeyiz.<\/p>    <figure class=\"wp-block-image alignnone size-full wp-image-8916\"><img loading=\"lazy\" decoding=\"async\" width=\"1200\" height=\"521\" src=\"https:\/\/taizyfoodmachines.com\/wp-content\/uploads\/2021\/12\/Taizy-Machinery.jpg\" alt=\"Taizy Makine\" class=\"wp-image-8916\" title=\"\" srcset=\"https:\/\/taizyfoodmachines.com\/wp-content\/uploads\/2021\/12\/Taizy-Machinery.jpg 1200w, https:\/\/taizyfoodmachines.com\/wp-content\/uploads\/2021\/12\/Taizy-Machinery-768x333.jpg 768w, https:\/\/taizyfoodmachines.com\/wp-content\/uploads\/2021\/12\/Taizy-Machinery-990x430.jpg 990w\" sizes=\"auto, (max-width: 1200px) 100vw, 1200px\" \/><figcaption class=\"wp-element-caption\">Taizy Makine<\/figcaption><\/figure>    <p>Ayr\u0131ca, \u015firket sadece m\u00fc\u015fterilere y\u00fcksek kaliteli \u00fcr\u00fcnler sunmakla kalmaz, ayn\u0131 zamanda birinci s\u0131n\u0131f hizmet, etkili destek ve \u00e7\u00f6z\u00fcmler sa\u011flar. Makine sekt\u00f6r\u00fcnde y\u0131llar\u0131n \u00fcretim ve sat\u0131\u015f deneyimiyle, Taizy \u201cKalite \u00d6nceliklidir, Hizmet \u00dcst\u00fcnd\u00fcr\u201d hizmet anlay\u0131\u015f\u0131 ve y\u00fcksek kaliteli \u00fcr\u00fcnlerle iyi bir \u00fcn kazanm\u0131\u015ft\u0131r. Makine sekt\u00f6r\u00fcnde tan\u0131nan bir marka olup, bu nedenle \u201cS\u00f6zle\u015fmeye Sad\u0131k ve G\u00fcvenilir \u0130\u015fletme\u201d ve \u201cG\u00fcvenli \u00dcretim \u0130leri D\u00fczey \u0130\u015fletme\u201d unvanlar\u0131n\u0131 alm\u0131\u015ft\u0131r. \u015eu anda \u00fcr\u00fcnlerimiz Amerika Birle\u015fik Devletleri, Avustralya, Brezilya, K\u00fcba, Kolombiya, \u015eili, Meksika, Venezuela, Peru, Filipinler, Kazakistan, Rusya, Suudi Arabistan, \u0130srail, Gana, Sudan, Singapur, Nijerya, G\u00fcney Afrika, Sri Lanka, T\u00fcrkiye ve d\u00fcnya genelinde 100'den fazla \u00fclke ve b\u00f6lgeye ihra\u00e7 edilmektedir.<\/p>    <figure class=\"wp-block-image alignnone wp-image-2998\"><img loading=\"lazy\" decoding=\"async\" width=\"1200\" height=\"218\" src=\"https:\/\/taizyfoodmachines.com\/wp-content\/uploads\/2019\/09\/our-factory-and-stock.jpg\" alt=\"our factory and stock\" class=\"wp-image-2998\" title=\"\" srcset=\"https:\/\/taizyfoodmachines.com\/wp-content\/uploads\/2019\/09\/our-factory-and-stock.jpg 1200w, https:\/\/taizyfoodmachines.com\/wp-content\/uploads\/2019\/09\/our-factory-and-stock-300x55.jpg 300w, https:\/\/taizyfoodmachines.com\/wp-content\/uploads\/2019\/09\/our-factory-and-stock-768x140.jpg 768w, https:\/\/taizyfoodmachines.com\/wp-content\/uploads\/2019\/09\/our-factory-and-stock-1024x186.jpg 1024w, https:\/\/taizyfoodmachines.com\/wp-content\/uploads\/2019\/09\/our-factory-and-stock-990x180.jpg 990w\" sizes=\"auto, (max-width: 1200px) 100vw, 1200px\" \/><figcaption class=\"wp-element-caption\">Fabrikam\u0131z ve Stoklar\u0131m\u0131z<\/figcaption><\/figure>    <h2 class=\"wp-block-heading\"><strong><b>\u015eirket k\u00fclt\u00fcr\u00fc<\/b><\/strong><\/h2>    <p>Misyonda: D\u00fcnyaya sat\u0131lan \u00fcr\u00fcnler, \u00c7in makinelerinin t\u00fcm d\u00fcnyaya yay\u0131lmas\u0131 \/ d\u00fcnya \u00e7ap\u0131nda tan\u0131nan.<\/p>    <p>Vizyon: En iyi platformu kurmak ve \u00e7al\u0131\u015fanlar\u0131n b\u00fcy\u00fcmesine yard\u0131mc\u0131 olmak!<\/p>    <p>De\u011ferler: D\u00fcr\u00fcstl\u00fck, Minnettarl\u0131k, Fayda, Kar\u015f\u0131l\u0131kl\u0131 Yard\u0131mla\u015fma.<\/p>    <figure class=\"wp-block-image alignnone wp-image-2058 size-full\"><img loading=\"lazy\" decoding=\"async\" width=\"1200\" height=\"500\" src=\"https:\/\/taizyfoodmachines.com\/wp-content\/uploads\/2019\/07\/certificate-1.jpg\" alt=\"certificate\" class=\"wp-image-2058\" title=\"\" srcset=\"https:\/\/taizyfoodmachines.com\/wp-content\/uploads\/2019\/07\/certificate-1.jpg 1200w, https:\/\/taizyfoodmachines.com\/wp-content\/uploads\/2019\/07\/certificate-1-300x125.jpg 300w, https:\/\/taizyfoodmachines.com\/wp-content\/uploads\/2019\/07\/certificate-1-768x320.jpg 768w, https:\/\/taizyfoodmachines.com\/wp-content\/uploads\/2019\/07\/certificate-1-1024x427.jpg 1024w, https:\/\/taizyfoodmachines.com\/wp-content\/uploads\/2019\/07\/certificate-1-990x413.jpg 990w\" sizes=\"auto, (max-width: 1200px) 100vw, 1200px\" \/><figcaption class=\"wp-element-caption\">Sertifika<\/figcaption><\/figure>    <h2 class=\"wp-block-heading\">\u0130\u015fletme Ekibi<\/h2>    <p>\u015eu anda, Zhengzhou Taizy Machinery Equipment Co., Ltd. Ar-Ge departman\u0131, teknik departman, d\u0131\u015f ticaret departman\u0131, sat\u0131n alma departman\u0131, e-ticaret departman\u0131, personel departman\u0131, finans departman\u0131 ve belge departman\u0131ndan olu\u015fmaktad\u0131r. Bu gen\u00e7 Taizy ekibi, \u201cen iyi platformu kurmak ve \u00e7al\u0131\u015fanlar\u0131n b\u00fcy\u00fcmesine yard\u0131mc\u0131 olmak\u201d vizyonuna ba\u011fl\u0131d\u0131r ve gen\u00e7lerin benzersiz tutku ve canl\u0131l\u0131\u011f\u0131yla; m\u00fc\u015fteri faydalar\u0131, kurumsal \u00e7\u0131karlar ve \u00e7al\u0131\u015fan faydalar\u0131n\u0131n en iyi kombinasyonunu hedefleyerek, m\u00fc\u015fterilerin, i\u015fletmelerin ve \u00e7al\u0131\u015fanlar\u0131n ortak geli\u015fimini sa\u011flamay\u0131 ama\u00e7lamaktad\u0131r.<\/p>    <figure class=\"wp-block-image alignnone size-full is-resized wp-image-2999\"><img loading=\"lazy\" decoding=\"async\" width=\"750\" height=\"780\" src=\"https:\/\/taizyfoodmachines.com\/wp-content\/uploads\/2026\/01\/lQDPJx-Y5NmE1RnNAwzNAu6wR0uOKu-ZJXYIc-Ad-LbFAw_750_780.jpg\" alt=\"\" class=\"wp-image-30106\" style=\"aspect-ratio:0.961541294133243;width:1020px;height:auto\" title=\"\" srcset=\"https:\/\/taizyfoodmachines.com\/wp-content\/uploads\/2026\/01\/lQDPJx-Y5NmE1RnNAwzNAu6wR0uOKu-ZJXYIc-Ad-LbFAw_750_780.jpg 750w, https:\/\/taizyfoodmachines.com\/wp-content\/uploads\/2026\/01\/lQDPJx-Y5NmE1RnNAwzNAu6wR0uOKu-ZJXYIc-Ad-LbFAw_750_780-12x12.jpg 12w\" sizes=\"auto, (max-width: 750px) 100vw, 750px\" \/><figcaption class=\"wp-element-caption\">M\u00fc\u015fterilerle \u0130leti\u015fim<\/figcaption><\/figure>","protected":false},"excerpt":{"rendered":"<p>Zhengzhou Taizy Machinery Equipment Co. Ltd. was founded in 2011. It is a large-scale industrial group specializing in the research, development, production, and sales of mechanical equipment. The headquarters and R&amp;D base are located in the scenic Economic Development Zone of Zhengzhou City, Henan Province. Since its inception, the company has always believed that science [&hellip;]<\/p>\n","protected":false},"author":1,"featured_media":0,"parent":0,"menu_order":0,"comment_status":"closed","ping_status":"closed","template":"","meta":{"footnotes":""},"class_list":["post-2053","page","type-page","status-publish","hentry"],"_links":{"self":[{"href":"https:\/\/taizyfoodmachines.com\/tr\/wp-json\/wp\/v2\/pages\/2053","targetHints":{"allow":["GET"]}}],"collection":[{"href":"https:\/\/taizyfoodmachines.com\/tr\/wp-json\/wp\/v2\/pages"}],"about":[{"href":"https:\/\/taizyfoodmachines.com\/tr\/wp-json\/wp\/v2\/types\/page"}],"author":[{"embeddable":true,"href":"https:\/\/taizyfoodmachines.com\/tr\/wp-json\/wp\/v2\/users\/1"}],"replies":[{"embeddable":true,"href":"https:\/\/taizyfoodmachines.com\/tr\/wp-json\/wp\/v2\/comments?post=2053"}],"version-history":[{"count":0,"href":"https:\/\/taizyfoodmachines.com\/tr\/wp-json\/wp\/v2\/pages\/2053\/revisions"}],"wp:attachment":[{"href":"https:\/\/taizyfoodmachines.com\/tr\/wp-json\/wp\/v2\/media?parent=2053"}],"curies":[{"name":"wp","href":"https:\/\/api.w.org\/{rel}","templated":true}]}}