{"id":2053,"date":"2019-07-23T17:43:58","date_gmt":"2019-07-23T09:43:58","guid":{"rendered":"https:\/\/taizyfoodmachines.com\/?page_id=2053"},"modified":"2026-01-04T17:46:45","modified_gmt":"2026-01-04T09:46:45","slug":"about-us","status":"publish","type":"page","link":"https:\/\/taizyfoodmachines.com\/vi\/about-us\/","title":{"rendered":"V\u1ec1 ch\u00fang t\u00f4i"},"content":{"rendered":"<p>C\u00f4ng ty TNHH Thi\u1ebft b\u1ecb m\u00e1y m\u00f3c Zhengzhou Taizy \u0111\u01b0\u1ee3c th\u00e0nh l\u1eadp v\u00e0o n\u0103m 2011. \u0110\u00e2y l\u00e0 m\u1ed9t t\u1eadp \u0111o\u00e0n c\u00f4ng nghi\u1ec7p quy m\u00f4 l\u1edbn chuy\u00ean v\u1ec1 nghi\u00ean c\u1ee9u, ph\u00e1t tri\u1ec3n, s\u1ea3n xu\u1ea5t v\u00e0 b\u00e1n h\u00e0ng thi\u1ebft b\u1ecb c\u01a1 kh\u00ed. Tr\u1ee5 s\u1edf ch\u00ednh v\u00e0 trung t\u00e2m R&amp;D n\u1eb1m trong Khu ph\u00e1t tri\u1ec3n kinh t\u1ebf \u0111\u1eb9p c\u1ee7a th\u00e0nh ph\u1ed1 Zhengzhou, t\u1ec9nh H\u00e0 Nam. K\u1ec3 t\u1eeb khi th\u00e0nh l\u1eadp, c\u00f4ng ty lu\u00f4n tin r\u1eb1ng khoa h\u1ecdc v\u00e0 c\u00f4ng ngh\u1ec7 l\u00e0 n\u0103ng su\u1ea5t h\u00e0ng \u0111\u1ea7u. D\u01b0\u1edbi s\u1ef1 h\u01b0\u1edbng d\u1eabn c\u1ee7a kh\u00e1i ni\u1ec7m n\u00e0y, ch\u00fang t\u00f4i \u0111\u00e3 thu\u00ea m\u1ed9t s\u1ed1 l\u1edbn c\u00e1c chuy\u00ean gia k\u1ef9 thu\u1eadt v\u00e0 c\u01a1 kh\u00ed c\u00f3 kinh nghi\u1ec7m l\u00e0m c\u1ed1 v\u1ea5n s\u1ea3n xu\u1ea5t. H\u1ecdc h\u1ecfi li\u00ean t\u1ee5c v\u1ec1 c\u00f4ng ngh\u1ec7, \u0111\u1ed5i m\u1edbi li\u00ean t\u1ee5c, v\u00e0 c\u1ed1 g\u1eafng cung c\u1ea5p cho kh\u00e1ch h\u00e0ng c\u00e1c m\u00e1y m\u00f3c ch\u1ea5t l\u01b0\u1ee3ng h\u00e0ng \u0111\u1ea7u.<\/p>    <figure class=\"wp-block-image alignnone size-full wp-image-8916\"><img loading=\"lazy\" decoding=\"async\" width=\"1200\" height=\"521\" src=\"https:\/\/taizyfoodmachines.com\/wp-content\/uploads\/2021\/12\/Taizy-Machinery.jpg\" alt=\"M\u00e1y m\u00f3c Taizy\" class=\"wp-image-8916\" title=\"\" srcset=\"https:\/\/taizyfoodmachines.com\/wp-content\/uploads\/2021\/12\/Taizy-Machinery.jpg 1200w, https:\/\/taizyfoodmachines.com\/wp-content\/uploads\/2021\/12\/Taizy-Machinery-768x333.jpg 768w, https:\/\/taizyfoodmachines.com\/wp-content\/uploads\/2021\/12\/Taizy-Machinery-990x430.jpg 990w\" sizes=\"auto, (max-width: 1200px) 100vw, 1200px\" \/><figcaption class=\"wp-element-caption\">M\u00e1y m\u00f3c Taizy<\/figcaption><\/figure>    <p>Ngo\u00e0i ra, c\u00f4ng ty kh\u00f4ng ch\u1ec9 cung c\u1ea5p cho kh\u00e1ch h\u00e0ng c\u00e1c s\u1ea3n ph\u1ea9m ch\u1ea5t l\u01b0\u1ee3ng cao m\u00e0 c\u00f2n cung c\u1ea5p d\u1ecbch v\u1ee5 h\u1ea1ng nh\u1ea5t v\u00e0 h\u1ed7 tr\u1ee3, gi\u1ea3i ph\u00e1p hi\u1ec7u qu\u1ea3. V\u1edbi nhi\u1ec1u n\u0103m kinh nghi\u1ec7m trong l\u0129nh v\u1ef1c s\u1ea3n xu\u1ea5t v\u00e0 b\u00e1n h\u00e0ng trong ng\u00e0nh m\u00e1y m\u00f3c, Taizy \u0111\u00e3 gi\u00e0nh \u0111\u01b0\u1ee3c danh ti\u1ebfng t\u1ed1t v\u1edbi kh\u00e1i ni\u1ec7m d\u1ecbch v\u1ee5 \"Ch\u1ea5t l\u01b0\u1ee3ng h\u00e0ng \u0111\u1ea7u, D\u1ecbch v\u1ee5 t\u1ed1i cao\" v\u00e0 c\u00e1c s\u1ea3n ph\u1ea9m ch\u1ea5t l\u01b0\u1ee3ng cao. \u0110\u00e2y l\u00e0 m\u1ed9t th\u01b0\u01a1ng hi\u1ec7u \u0111\u01b0\u1ee3c c\u00f4ng nh\u1eadn trong ng\u00e0nh c\u00f4ng nghi\u1ec7p m\u00e1y m\u00f3c, v\u00e0 do \u0111\u00f3 \u0111\u00e3 \u0111\u01b0\u1ee3c trao t\u1eb7ng danh hi\u1ec7u \"Doanh nghi\u1ec7p gi\u1eef ch\u1eef k\u00fd h\u1ee3p \u0111\u1ed3ng v\u00e0 uy t\u00edn t\u00edn d\u1ee5ng\" v\u00e0 \"Doanh nghi\u1ec7p ti\u00ean ti\u1ebfn v\u1ec1 s\u1ea3n xu\u1ea5t an to\u00e0n\". Hi\u1ec7n t\u1ea1i, c\u00e1c s\u1ea3n ph\u1ea9m c\u1ee7a ch\u00fang t\u00f4i \u0111\u00e3 \u0111\u01b0\u1ee3c xu\u1ea5t kh\u1ea9u sang nhi\u1ec1u qu\u1ed1c gia v\u00e0 khu v\u1ef1c, nh\u01b0 Hoa K\u1ef3, \u00dac, Brazil, Cuba, Colombia, Chile, Mexico, Venezuela, Peru, Philippines, Kazakhstan, Nga, \u1ea2 R\u1eadp Saudi, Israel, Ghana, Sudan, Singapore, Nigeria, Nam Phi, Sri Lanka, Th\u1ed5 Nh\u0129 K\u1ef3 v\u00e0 h\u01a1n 100 qu\u1ed1c gia v\u00e0 khu v\u1ef1c kh\u00e1c tr\u00ean to\u00e0n th\u1ebf gi\u1edbi.<\/p>    <figure class=\"wp-block-image alignnone wp-image-2998\"><img loading=\"lazy\" decoding=\"async\" width=\"1200\" height=\"218\" src=\"https:\/\/taizyfoodmachines.com\/wp-content\/uploads\/2019\/09\/our-factory-and-stock.jpg\" alt=\"our factory and stock\" class=\"wp-image-2998\" title=\"\" srcset=\"https:\/\/taizyfoodmachines.com\/wp-content\/uploads\/2019\/09\/our-factory-and-stock.jpg 1200w, https:\/\/taizyfoodmachines.com\/wp-content\/uploads\/2019\/09\/our-factory-and-stock-300x55.jpg 300w, https:\/\/taizyfoodmachines.com\/wp-content\/uploads\/2019\/09\/our-factory-and-stock-768x140.jpg 768w, https:\/\/taizyfoodmachines.com\/wp-content\/uploads\/2019\/09\/our-factory-and-stock-1024x186.jpg 1024w, https:\/\/taizyfoodmachines.com\/wp-content\/uploads\/2019\/09\/our-factory-and-stock-990x180.jpg 990w\" sizes=\"auto, (max-width: 1200px) 100vw, 1200px\" \/><figcaption class=\"wp-element-caption\">Nh\u00e0 m\u00e1y v\u00e0 kho c\u1ee7a ch\u00fang t\u00f4i<\/figcaption><\/figure>    <h2 class=\"wp-block-heading\"><strong><b>V\u0103n h\u00f3a c\u00f4ng ty<\/b><\/strong><\/h2>    <p>Nhi\u1ec7m v\u1ee5: C\u00e1c m\u1eb7t h\u00e0ng b\u00e1n ra to\u00e0n c\u1ea7u, \u0111\u1ec3 m\u00e1y m\u00f3c Trung Qu\u1ed1c lan r\u1ed9ng kh\u1eafp th\u1ebf gi\u1edbi \/ n\u1ed5i ti\u1ebfng to\u00e0n c\u1ea7u.<\/p>    <p>T\u1ea7m nh\u00ecn: X\u00e2y d\u1ef1ng n\u1ec1n t\u1ea3ng t\u1ed1t nh\u1ea5t \u0111\u1ec3 gi\u00fap nh\u00e2n vi\u00ean ph\u00e1t tri\u1ec3n!<\/p>    <p>Gi\u00e1 tr\u1ecb: Ch\u00ednh tr\u1ef1c, Bi\u1ebft \u01a1n, L\u1ee3i \u00edch, Gi\u00fap \u0111\u1ee1 l\u1eabn nhau.<\/p>    <figure class=\"wp-block-image alignnone wp-image-2058 size-full\"><img loading=\"lazy\" decoding=\"async\" width=\"1200\" height=\"500\" src=\"https:\/\/taizyfoodmachines.com\/wp-content\/uploads\/2019\/07\/certificate-1.jpg\" alt=\"certificate\" class=\"wp-image-2058\" title=\"\" srcset=\"https:\/\/taizyfoodmachines.com\/wp-content\/uploads\/2019\/07\/certificate-1.jpg 1200w, https:\/\/taizyfoodmachines.com\/wp-content\/uploads\/2019\/07\/certificate-1-300x125.jpg 300w, https:\/\/taizyfoodmachines.com\/wp-content\/uploads\/2019\/07\/certificate-1-768x320.jpg 768w, https:\/\/taizyfoodmachines.com\/wp-content\/uploads\/2019\/07\/certificate-1-1024x427.jpg 1024w, https:\/\/taizyfoodmachines.com\/wp-content\/uploads\/2019\/07\/certificate-1-990x413.jpg 990w\" sizes=\"auto, (max-width: 1200px) 100vw, 1200px\" \/><figcaption class=\"wp-element-caption\">Ch\u1ee9ng ch\u1ec9<\/figcaption><\/figure>    <h2 class=\"wp-block-heading\">Nh\u00f3m kinh doanh<\/h2>    <p>Hi\u1ec7n t\u1ea1i, C\u00f4ng ty TNHH Thi\u1ebft b\u1ecb m\u00e1y m\u00f3c Zhengzhou Taizy g\u1ed3m c\u00f3 ph\u00f2ng R&amp;D, ph\u00f2ng k\u1ef9 thu\u1eadt, ph\u00f2ng th\u01b0\u01a1ng m\u1ea1i n\u01b0\u1edbc ngo\u00e0i, ph\u00f2ng mua h\u00e0ng, ph\u00f2ng th\u01b0\u01a1ng m\u1ea1i \u0111i\u1ec7n t\u1eed, ph\u00f2ng nh\u00e2n s\u1ef1, ph\u00f2ng t\u00e0i ch\u00ednh v\u00e0 ph\u00f2ng t\u00e0i li\u1ec7u. \u0110\u1ed9i ng\u0169 tr\u1ebb c\u1ee7a Taizy \u0111ang tu\u00e2n th\u1ee7 t\u1ea7m nh\u00ecn \"x\u00e2y d\u1ef1ng n\u1ec1n t\u1ea3ng t\u1ed1t nh\u1ea5t v\u00e0 gi\u00fap nh\u00e2n vi\u00ean ph\u00e1t tri\u1ec3n\" v\u1edbi \u0111am m\u00ea v\u00e0 s\u1ee9c s\u1ed1ng \u0111\u1eb7c tr\u01b0ng c\u1ee7a tu\u1ed5i tr\u1ebb; theo \u0111u\u1ed5i s\u1ef1 k\u1ebft h\u1ee3p t\u1ed1t nh\u1ea5t gi\u1eefa l\u1ee3i \u00edch kh\u00e1ch h\u00e0ng, l\u1ee3i \u00edch doanh nghi\u1ec7p v\u00e0 l\u1ee3i \u00edch nh\u00e2n vi\u00ean, \u0111\u1ec3 \u0111\u1ea1t \u0111\u01b0\u1ee3c s\u1ef1 ph\u00e1t tri\u1ec3n chung c\u1ee7a kh\u00e1ch h\u00e0ng, doanh nghi\u1ec7p v\u00e0 nh\u00e2n vi\u00ean!<\/p>    <figure class=\"wp-block-image alignnone size-full is-resized wp-image-2999\"><img loading=\"lazy\" decoding=\"async\" width=\"750\" height=\"780\" src=\"https:\/\/taizyfoodmachines.com\/wp-content\/uploads\/2026\/01\/lQDPJx-Y5NmE1RnNAwzNAu6wR0uOKu-ZJXYIc-Ad-LbFAw_750_780.jpg\" alt=\"\" class=\"wp-image-30106\" style=\"aspect-ratio:0.961541294133243;width:1020px;height:auto\" title=\"\" srcset=\"https:\/\/taizyfoodmachines.com\/wp-content\/uploads\/2026\/01\/lQDPJx-Y5NmE1RnNAwzNAu6wR0uOKu-ZJXYIc-Ad-LbFAw_750_780.jpg 750w, https:\/\/taizyfoodmachines.com\/wp-content\/uploads\/2026\/01\/lQDPJx-Y5NmE1RnNAwzNAu6wR0uOKu-ZJXYIc-Ad-LbFAw_750_780-12x12.jpg 12w\" sizes=\"auto, (max-width: 750px) 100vw, 750px\" \/><figcaption class=\"wp-element-caption\">Giao ti\u1ebfp v\u1edbi kh\u00e1ch h\u00e0ng<\/figcaption><\/figure>","protected":false},"excerpt":{"rendered":"<p>Zhengzhou Taizy Machinery Equipment Co. Ltd. was founded in 2011. It is a large-scale industrial group specializing in the research, development, production, and sales of mechanical equipment. The headquarters and R&amp;D base are located in the scenic Economic Development Zone of Zhengzhou City, Henan Province. Since its inception, the company has always believed that science [&hellip;]<\/p>\n","protected":false},"author":1,"featured_media":0,"parent":0,"menu_order":0,"comment_status":"closed","ping_status":"closed","template":"","meta":{"footnotes":""},"class_list":["post-2053","page","type-page","status-publish","hentry"],"_links":{"self":[{"href":"https:\/\/taizyfoodmachines.com\/vi\/wp-json\/wp\/v2\/pages\/2053","targetHints":{"allow":["GET"]}}],"collection":[{"href":"https:\/\/taizyfoodmachines.com\/vi\/wp-json\/wp\/v2\/pages"}],"about":[{"href":"https:\/\/taizyfoodmachines.com\/vi\/wp-json\/wp\/v2\/types\/page"}],"author":[{"embeddable":true,"href":"https:\/\/taizyfoodmachines.com\/vi\/wp-json\/wp\/v2\/users\/1"}],"replies":[{"embeddable":true,"href":"https:\/\/taizyfoodmachines.com\/vi\/wp-json\/wp\/v2\/comments?post=2053"}],"version-history":[{"count":0,"href":"https:\/\/taizyfoodmachines.com\/vi\/wp-json\/wp\/v2\/pages\/2053\/revisions"}],"wp:attachment":[{"href":"https:\/\/taizyfoodmachines.com\/vi\/wp-json\/wp\/v2\/media?parent=2053"}],"curies":[{"name":"wp","href":"https:\/\/api.w.org\/{rel}","templated":true}]}}